{"id":699,"date":"2022-01-06T15:14:40","date_gmt":"2022-01-06T14:14:40","guid":{"rendered":"https:\/\/www.clos-celeste.com\/politique-de-confidentialite\/"},"modified":"2022-08-08T15:52:10","modified_gmt":"2022-08-08T13:52:10","slug":"datenschutz-bestimmungen","status":"publish","type":"page","link":"https:\/\/www.clos-celeste.com\/de\/datenschutz-bestimmungen\/","title":{"rendered":"Datenschutz-Bestimmungen"},"content":{"rendered":"<div class=\"wpb-content-wrapper\"><p>[vc_row el_class=&#8220;max-width-1000px&#8220;][vc_column][vc_column_text]<\/p>\r\n<p class=\"h1\">Datenschutzerkl\u00e4rung<\/p>\r\n<p>F\u00fcr Informationen oder die Aus\u00fcbung Ihrer IT-Rechte und Freiheiten in Bezug auf die Verarbeitung personenbezogener Daten, die von Herrn Bertrand CAILLARD verwaltet werden, k\u00f6nnen Sie ihn per E-Mail an <a href=\"mailto:info@clos-celeste. fr \">info@clos-celeste.com<\/a>. In jedem Fall muss Ihr Antrag unterschrieben und mit einer Fotokopie eines g\u00fcltigen Ausweisdokuments (Personalausweis oder Reisepass) versehen sein.<\/p>\r\n<p>Jeder Dienst beschr\u00e4nkt die Erhebung personenbezogener Daten auf das unbedingt Notwendige (Datenminimierung) und wird begleitet von Informationen zu:<\/p>\r\n<ul>\r\n<li>der Datenverantwortliche und die Zwecke der Erhebung dieser Daten (Zwecke);<\/li>\r\n<li>Rechtsgrundlage f\u00fcr die Datenverarbeitung;<\/li>\r\n<li>obligatorischer oder optionaler Charakter der Datenerhebung f\u00fcr die Verwaltung Ihrer Anfrage und Erinnerung an die Kategorien der verarbeiteten Daten;<\/li>\r\n<li>die Quelle der Daten (wenn andere als die \u00fcber den Onlinedienst bereitgestellten Daten zur Bearbeitung Ihrer Anfrage verwendet werden);<\/li>\r\n<li>Kategorien von betroffenen Personen;<\/li>\r\n<li>die Empf\u00e4nger der Daten (grunds\u00e4tzlich nur Herr Bertrand CAILLARD, sofern nicht angegeben, wenn eine \u00dcbermittlung an Dritte erforderlich ist);<\/li>\r\n<li>die Dauer der Datenaufbewahrung;<\/li>\r\n<li>Sicherheitsma\u00dfnahmen (allgemeine Beschreibung);<\/li>\r\n<li>das m\u00f6gliche Bestehen von Daten\u00fcbermittlungen au\u00dferhalb der Europ\u00e4ischen Union oder automatisierte Entscheidungsfindung;<\/li>\r\n<li><a href=\"https:\/\/www.cnil.fr\/fr\/les-droits-pour-maitriser-vos-donnees-personnelles\">Ihre IT-Rechte und -Freiheiten<\/a> und wie Sie diese aus\u00fcben k\u00f6nnen die CNIL.<\/li>\r\n<\/ul>\r\n<p>Die im Rahmen der auf www.clos-celeste.fr angebotenen Dienste gesammelten personenbezogenen Daten werden gem\u00e4\u00df sicheren Protokollen verarbeitet und erm\u00f6glichen es Herrn Bertrand CAILLARD, die in seinen Computeranwendungen erhaltenen Anfragen zu verwalten.<\/p>\r\n<p>Herr Bertrand CAILLARD verpflichtet sich sicherzustellen, dass die durchgef\u00fchrte Verarbeitung personenbezogener Daten den allgemeinen Datenschutzbestimmungen (RGPD) und dem Datenschutzgesetz entspricht.<\/p>\r\n<p><strong>Cookie-Richtlinie<\/strong><\/p>\r\n<p>Durch diese Cookie-Richtlinie informiert der Seitenbetreiber die Besucher der Seite \u00fcber die Verwendung von Cookies oder \u00e4hnlichen Speichertechnologien (nachfolgend \u201eCookies\u201c), die auf dieser Seite (nachfolgend \u201eWebsite\u201c) eingerichtet werden.<\/p>\r\n<p><strong>Was sind Cookies?<\/strong><\/p>\r\n<p>Cookies sind kleine Textdateien, die von Ihrem Browser auf Ihrem Computer oder Mobilger\u00e4t gespeichert werden, um bestimmte Informationen oder Bilddateien, wie z. B. Pixel, zu speichern. Wenn Sie unsere Website das n\u00e4chste Mal mit demselben Ger\u00e4t besuchen, werden die in den Cookies gespeicherten Informationen entsprechend entweder an unsere Website (\u201eFirst-Party-Cookie\u201c) oder an eine andere Website, zu der das Cookie geh\u00f6rt (\u201eThird-Party-Cookie\u201c), \u00fcbermittelt. .<\/p>\r\n<p>Dank dieses Austauschs von Informationen, die w\u00e4hrend Ihrer verschiedenen Besuche auf der betreffenden Website aufgezeichnet werden, erkennt sie, dass Sie denselben Browser und dasselbe Ger\u00e4t verwenden. Wir verwenden diese Informationen, um die Website optimal und Ihren Pr\u00e4ferenzen entsprechend gestalten und anzeigen zu k\u00f6nnen.<\/p>\r\n<p>Daher wird nur das Cookie selbst auf Ihrem Ger\u00e4t identifiziert. Ihre personenbezogenen Daten werden nur mit Ihrer ausdr\u00fccklichen Zustimmung gespeichert oder wenn dies unbedingt erforderlich ist, um den Ihnen angebotenen Dienst nutzen zu k\u00f6nnen, auf den Sie Zugriff haben.<\/p>\r\n<p><strong>Zustimmung zur Verwendung von Cookies<\/strong><\/p>\r\n<p>Cookies, die nicht unbedingt erforderlich sind, um die Dienste auf unserer Website bereitzustellen, werden nur verwendet, wenn wir Ihre Zustimmung erhalten. Sobald Sie unsere Website nach der Anzeige des Cookie-Banners weiterhin aktiv nutzen, stimmen Sie der Verwendung von Cookies zu.<\/p>\r\n<p>Sie k\u00f6nnen die Cookie-Einstellungen nat\u00fcrlich jederzeit anpassen, indem Sie beispielsweise bestimmte Kategorien von Cookies aktivieren oder deaktivieren.<\/p>\r\n<p>Um zu erfahren, wie Sie Cookies im Allgemeinen (einschlie\u00dflich notwendiger Cookies) in Ihrem Browser deaktivieren oder l\u00f6schen k\u00f6nnen, lesen Sie den Punkt \u201eDeaktivieren und L\u00f6schen aller Cookies\u201c dieser Cookie-Richtlinie.<\/p>\r\n<p><strong>Cookie-Kategorien<\/strong><\/p>\r\n<p>Wir kategorisieren Cookies nach ihrem Zweck und ihrer Funktion:<\/p>\r\n<p><strong>Unbedingt erforderliche Cookies<\/strong><\/p>\r\n<p>Das Funktionieren unserer Website wird durch die Verwendung bestimmter Cookies gew\u00e4hrleistet, die daher als unbedingt erforderliche Cookies bezeichnet werden. Sie werden ausschlie\u00dflich von unserem System verwendet und sind \u201eErstanbieter-Cookies\u201c. Alle von diesen Cookies gesammelten Informationen werden nur an unsere Website gesendet.<\/p>\r\n<p><strong>Funktionale Cookies<\/strong><\/p>\r\n<p>Funktionale Cookies sammeln Informationen, die Sie bereits bereitgestellt haben. Wir verwenden sie, um Ihnen bessere und personalisiertere Funktionen bereitzustellen. Diese Cookies sammeln Informationen nur anonym und k\u00f6nnen daher nicht verwendet werden, um Ihre Bewegungen auf anderen Websites zu verfolgen.<\/p>\r\n<p><strong>Performance-Cookies<\/strong><\/p>\r\n<p>Performance-Cookies sammeln Informationen \u00fcber die Nutzung unserer Website, um deren Attraktivit\u00e4t, Inhalt und Funktionalit\u00e4t zu verbessern. Diese Cookies helfen uns beispielsweise dabei festzustellen, welche Unterseiten unserer Website besucht werden und f\u00fcr welche Art von Inhalten sich unsere Nutzer interessieren. Wir erfassen die Anzahl der Besuche auf jeder unserer Seiten, die Anzahl der aufgerufenen Unterseiten, die auf unserer Website verbrachte Zeit, die Reihenfolge der besuchten Seiten, die zum Auffinden unserer Website verwendeten Suchbegriffe, das Land, die Region und ggf. ggf. die Stadt, von der aus der Zugriff erfolgt. Wir erfassen auch Computer-Mausbewegungen, -Klicks und -Scroll-Informationen, um zu verstehen, welche Bereiche unserer Website f\u00fcr Benutzer von besonderem Interesse sind. So k\u00f6nnen wir die Inhalte unserer Website personalisiert und an die Bed\u00fcrfnisse unserer Nutzer anpassen und gleichzeitig unser Angebot optimieren. Aus technischen Gr\u00fcnden wird die IP-Adresse Ihres Rechners \u00fcbermittelt. Es wird automatisch anonymisiert, um dem Nutzer nicht individuell zugeordnet zu werden.<\/p>\r\n<p>Der Benutzer der Website hat auch das Recht, der Verarbeitung personenbezogener Daten zu widersprechen, die zu statistischen Zwecken gem\u00e4\u00df Art. Art. 89 Abs. 1 DSGVO aus Gr\u00fcnden, die sich aus der besonderen Situation des jeweiligen Nutzers ergeben. Zur Aus\u00fcbung ihrer Rechte und insbesondere der oben genannten Rechte kann sich die betroffene Person jederzeit unter der im Impressum und\/oder der Cookie-Richtlinie dieser Website angegebenen Kontaktadresse an uns wenden.<\/p>\r\n<p>Im Hinblick auf die oben beschriebenen Verwendungszwecke basiert die Verarbeitung der durch Cookies erhobenen personenbezogenen Daten auf den Richtlinien des Artikels 6 Absatz 1 Buchstabe f) der DSGVO. Wenn der Benutzer der Website die Verwendung von Cookies akzeptiert, die gesammelt werden, nachdem er von uns auf unserer Website informiert wurde (Informationsbanner zu Cookies), basiert die Rechtm\u00e4\u00dfigkeit der Verwendung dieser Cookies auf Artikel 6 (1) (a) der DSGVO der DSGVO.<\/p>\r\n<p><strong>Marketing-Cookie \/ Drittanbieter-Cookie \/ Zustimmungspflichtige Cookies<\/strong><\/p>\r\n<p>Marketing-Cookies \/ Cookies von Drittanbietern \/ Zustimmungspflichtige Cookies, die verwendet werden, um Informationen \u00fcber die vom Benutzer besuchten Websites zu sammeln. Diese Erfassung erfolgt zu Werbezwecken, um gezielte Werbung f\u00fcr Nutzer zu erstellen.<\/p>\r\n<p>Im Hinblick auf die oben beschriebenen Verwendungszwecke basiert die Verarbeitung der durch Cookies erhobenen personenbezogenen Daten auf den Richtlinien des Artikels 6 Absatz 1 Buchstabe f) der DSGVO. Wenn der Nutzer der Verwendung von Cookies zustimmt, die nach Benachrichtigung durch uns auf unserer Website erhoben werden (Cookie-Informationsbanner), basiert die Rechtm\u00e4\u00dfigkeit der Verwendung dieser Cookies auf Artikel 6 (1) (a) DSGVO.<\/p>\r\n<p><strong>Alle Cookies deaktivieren und l\u00f6schen<\/strong><\/p>\r\n<p>Sie k\u00f6nnen Ihren Browser so konfigurieren, dass er die Verwendung und Speicherung von Cookies auf Ihrem Ger\u00e4t verhindert und\/oder dass Sie bei jedem Besuch einer Website aufgefordert werden, Cookies zu aktivieren. Sie k\u00f6nnen auch jederzeit wieder aktivierte Cookies l\u00f6schen. Konsultieren Sie den Hilfebereich Ihres Browsers, um herauszufinden, wie.<\/p>\r\n<p>Bitte beachten Sie, dass das globale Deaktivieren von Cookies zu Fehlfunktionen auf unserer Website f\u00fchren kann.<\/p>\r\n<h2>Google Analytics<\/h2>\r\n<p>Diese Website benutzt den Webanalysedienst Google Analytics von Google In. (&#8222;Google&#8220;). Google Analytics verwendet \u201eCookies\u201c, Textdateien, die auf Ihrem Computer (durch Ihren Internetbrowser) gespeichert werden und die eine Analyse der Benutzung der Website durch Sie w\u00e4hrend Ihres Besuchs erm\u00f6glichen. Die durch Cookies gesammelten Daten \u00fcber Ihre Benutzung der Website werden an einen Server von Google in den USA \u00fcbertragen und dort gespeichert. Im Falle der Aktivierung der IP-Anonymisierung auf dieser Seite, wird Ihre IP-Adresse von Google jedoch innerhalb von Mitgliedstaaten der Europ\u00e4ischen Union oder in anderen Vertragsstaaten des Abkommens \u00fcber den Europ\u00e4ischen Wirtschaftsraum zuvor gek\u00fcrzt. Nur in Ausnahmef\u00e4llen wird die volle IP-Adresse an einen Server von Google in den USA \u00fcbertragen und dort gek\u00fcrzt. Google wird diese Informationen im Auftrag des Eigent\u00fcmers dieser Website benutzen, um Ihre Nutzung der Website auszuwerten, um Berichte \u00fcber die Besucheraktivit\u00e4ten zusammenzustellen und um Daten an Dienste von Drittanbietern im Zusammenhang mit der Nutzung der Website zu \u00fcbermitteln und um \u201e Internet. Die im Rahmen von Google Analytics von Ihrem Browser \u00fcbermittelte IP-Adresse wird nicht mit anderen Daten von Google zusammengef\u00fchrt. Sie k\u00f6nnen die Installation und Verwendung von Cookies durch eine einfache Einstellung Ihrer Internetbrowser-Software deaktivieren; wir weisen Sie jedoch darauf hin, dass Sie dann m\u00f6glicherweise nicht auf alle Funktionen der Website optimal zugreifen k\u00f6nnen. Sie k\u00f6nnen jedoch die Erfassung der durch Cookies erzeugten personenbezogenen Daten (einschlie\u00dflich Ihrer IP-Adresse) und die Nutzung der Website sowie die Nutzung dieser Daten durch Google verhindern, indem Sie das unter dem folgenden Link verf\u00fcgbare Browser-Plugin herunterladen und installieren: &lt; u&gt;<a href=\"http:\/\/tools.google.com\/dlpage\/gaoptout\">http:\/\/tools.google.com\/dlpage\/gaoptout<\/a><\/p>\r\n<p>Weitere Informationen zu den Datenschutzbestimmungen und Nutzungsbedingungen von Google Analytics finden Sie <a href=\"https:\/\/www.google.com\/analytics\/terms\/de.html\">hier&lt;\/a &gt;.&lt;\/ p&gt;[\/vc_column_text][\/vc_column][\/vc_row]<\/a><\/p><\/div>","protected":false},"excerpt":{"rendered":"<p>[vc_row el_class=&#8220;max-width-1000px&#8220;][vc_column][vc_column_text] Datenschutzerkl\u00e4rung F\u00fcr Informationen oder die Aus\u00fcbung Ihrer IT-Rechte und Freiheiten in Bezug auf die Verarbeitung personenbezogener Daten, die von Herrn Bertrand CAILLARD verwaltet werden, k\u00f6nnen Sie ihn per E-Mail an info@clos-celeste.com. In jedem Fall muss Ihr Antrag unterschrieben und mit einer Fotokopie eines g\u00fcltigen Ausweisdokuments (Personalausweis oder Reisepass) versehen sein. Jeder Dienst beschr\u00e4nkt [&hellip;]<\/p>\n","protected":false},"author":4,"featured_media":0,"parent":0,"menu_order":4,"comment_status":"closed","ping_status":"closed","template":"","meta":{"_acf_changed":false,"inline_featured_image":false,"footnotes":""},"class_list":["post-699","page","type-page","status-publish","hentry"],"acf":[],"yoast_head":"<!-- This site is optimized with the Yoast SEO plugin v27.6 - https:\/\/yoast.com\/product\/yoast-seo-wordpress\/ -->\n<title>Datenschutz-Bestimmungen - Clos C\u00e9leste Campagne d\u2019Etretat<\/title>\n<meta name=\"robots\" content=\"index, follow, max-snippet:-1, max-image-preview:large, max-video-preview:-1\" \/>\n<link rel=\"canonical\" href=\"https:\/\/www.clos-celeste.com\/de\/datenschutz-bestimmungen\/\" \/>\n<meta property=\"og:locale\" content=\"de_DE\" \/>\n<meta property=\"og:type\" content=\"article\" \/>\n<meta property=\"og:title\" content=\"Datenschutz-Bestimmungen - Clos C\u00e9leste Campagne d\u2019Etretat\" \/>\n<meta property=\"og:description\" content=\"[vc_row el_class=&#8220;max-width-1000px&#8220;][vc_column][vc_column_text] Datenschutzerkl\u00e4rung F\u00fcr Informationen oder die Aus\u00fcbung Ihrer IT-Rechte und Freiheiten in Bezug auf die Verarbeitung personenbezogener Daten, die von Herrn Bertrand CAILLARD verwaltet werden, k\u00f6nnen Sie ihn per E-Mail an info@clos-celeste.com. In jedem Fall muss Ihr Antrag unterschrieben und mit einer Fotokopie eines g\u00fcltigen Ausweisdokuments (Personalausweis oder Reisepass) versehen sein. Jeder Dienst beschr\u00e4nkt [&hellip;]\" \/>\n<meta property=\"og:url\" content=\"https:\/\/www.clos-celeste.com\/de\/datenschutz-bestimmungen\/\" \/>\n<meta property=\"og:site_name\" content=\"Clos C\u00e9leste Campagne d\u2019Etretat\" \/>\n<meta property=\"article:modified_time\" content=\"2022-08-08T13:52:10+00:00\" \/>\n<meta name=\"twitter:card\" content=\"summary_large_image\" \/>\n<meta name=\"twitter:label1\" content=\"Gesch\u00e4tzte Lesezeit\" \/>\n\t<meta name=\"twitter:data1\" content=\"8\u00a0Minuten\" \/>\n<script type=\"application\/ld+json\" class=\"yoast-schema-graph\">{\"@context\":\"https:\\\/\\\/schema.org\",\"@graph\":[{\"@type\":\"WebPage\",\"@id\":\"https:\\\/\\\/www.clos-celeste.com\\\/de\\\/datenschutz-bestimmungen\\\/\",\"url\":\"https:\\\/\\\/www.clos-celeste.com\\\/de\\\/datenschutz-bestimmungen\\\/\",\"name\":\"Datenschutz-Bestimmungen - Clos C\u00e9leste Campagne d\u2019Etretat\",\"isPartOf\":{\"@id\":\"https:\\\/\\\/www.clos-celeste.com\\\/#website\"},\"datePublished\":\"2022-01-06T14:14:40+00:00\",\"dateModified\":\"2022-08-08T13:52:10+00:00\",\"breadcrumb\":{\"@id\":\"https:\\\/\\\/www.clos-celeste.com\\\/de\\\/datenschutz-bestimmungen\\\/#breadcrumb\"},\"inLanguage\":\"de\",\"potentialAction\":[{\"@type\":\"ReadAction\",\"target\":[\"https:\\\/\\\/www.clos-celeste.com\\\/de\\\/datenschutz-bestimmungen\\\/\"]}]},{\"@type\":\"BreadcrumbList\",\"@id\":\"https:\\\/\\\/www.clos-celeste.com\\\/de\\\/datenschutz-bestimmungen\\\/#breadcrumb\",\"itemListElement\":[{\"@type\":\"ListItem\",\"position\":1,\"name\":\"Accueil\",\"item\":\"https:\\\/\\\/www.clos-celeste.com\\\/de\\\/\"},{\"@type\":\"ListItem\",\"position\":2,\"name\":\"Datenschutz-Bestimmungen\"}]},{\"@type\":\"WebSite\",\"@id\":\"https:\\\/\\\/www.clos-celeste.com\\\/#website\",\"url\":\"https:\\\/\\\/www.clos-celeste.com\\\/\",\"name\":\"Clos C\u00e9leste Campagne d\u2019Etretat\",\"description\":\"\",\"potentialAction\":[{\"@type\":\"SearchAction\",\"target\":{\"@type\":\"EntryPoint\",\"urlTemplate\":\"https:\\\/\\\/www.clos-celeste.com\\\/?s={search_term_string}\"},\"query-input\":{\"@type\":\"PropertyValueSpecification\",\"valueRequired\":true,\"valueName\":\"search_term_string\"}}],\"inLanguage\":\"de\"}]}<\/script>\n<!-- \/ Yoast SEO plugin. -->","yoast_head_json":{"title":"Datenschutz-Bestimmungen - Clos C\u00e9leste Campagne d\u2019Etretat","robots":{"index":"index","follow":"follow","max-snippet":"max-snippet:-1","max-image-preview":"max-image-preview:large","max-video-preview":"max-video-preview:-1"},"canonical":"https:\/\/www.clos-celeste.com\/de\/datenschutz-bestimmungen\/","og_locale":"de_DE","og_type":"article","og_title":"Datenschutz-Bestimmungen - Clos C\u00e9leste Campagne d\u2019Etretat","og_description":"[vc_row el_class=&#8220;max-width-1000px&#8220;][vc_column][vc_column_text] Datenschutzerkl\u00e4rung F\u00fcr Informationen oder die Aus\u00fcbung Ihrer IT-Rechte und Freiheiten in Bezug auf die Verarbeitung personenbezogener Daten, die von Herrn Bertrand CAILLARD verwaltet werden, k\u00f6nnen Sie ihn per E-Mail an info@clos-celeste.com. In jedem Fall muss Ihr Antrag unterschrieben und mit einer Fotokopie eines g\u00fcltigen Ausweisdokuments (Personalausweis oder Reisepass) versehen sein. Jeder Dienst beschr\u00e4nkt [&hellip;]","og_url":"https:\/\/www.clos-celeste.com\/de\/datenschutz-bestimmungen\/","og_site_name":"Clos C\u00e9leste Campagne d\u2019Etretat","article_modified_time":"2022-08-08T13:52:10+00:00","twitter_card":"summary_large_image","twitter_misc":{"Gesch\u00e4tzte Lesezeit":"8\u00a0Minuten"},"schema":{"@context":"https:\/\/schema.org","@graph":[{"@type":"WebPage","@id":"https:\/\/www.clos-celeste.com\/de\/datenschutz-bestimmungen\/","url":"https:\/\/www.clos-celeste.com\/de\/datenschutz-bestimmungen\/","name":"Datenschutz-Bestimmungen - Clos C\u00e9leste Campagne d\u2019Etretat","isPartOf":{"@id":"https:\/\/www.clos-celeste.com\/#website"},"datePublished":"2022-01-06T14:14:40+00:00","dateModified":"2022-08-08T13:52:10+00:00","breadcrumb":{"@id":"https:\/\/www.clos-celeste.com\/de\/datenschutz-bestimmungen\/#breadcrumb"},"inLanguage":"de","potentialAction":[{"@type":"ReadAction","target":["https:\/\/www.clos-celeste.com\/de\/datenschutz-bestimmungen\/"]}]},{"@type":"BreadcrumbList","@id":"https:\/\/www.clos-celeste.com\/de\/datenschutz-bestimmungen\/#breadcrumb","itemListElement":[{"@type":"ListItem","position":1,"name":"Accueil","item":"https:\/\/www.clos-celeste.com\/de\/"},{"@type":"ListItem","position":2,"name":"Datenschutz-Bestimmungen"}]},{"@type":"WebSite","@id":"https:\/\/www.clos-celeste.com\/#website","url":"https:\/\/www.clos-celeste.com\/","name":"Clos C\u00e9leste Campagne d\u2019Etretat","description":"","potentialAction":[{"@type":"SearchAction","target":{"@type":"EntryPoint","urlTemplate":"https:\/\/www.clos-celeste.com\/?s={search_term_string}"},"query-input":{"@type":"PropertyValueSpecification","valueRequired":true,"valueName":"search_term_string"}}],"inLanguage":"de"}]}},"_links":{"self":[{"href":"https:\/\/www.clos-celeste.com\/de\/wp-json\/wp\/v2\/pages\/699","targetHints":{"allow":["GET"]}}],"collection":[{"href":"https:\/\/www.clos-celeste.com\/de\/wp-json\/wp\/v2\/pages"}],"about":[{"href":"https:\/\/www.clos-celeste.com\/de\/wp-json\/wp\/v2\/types\/page"}],"author":[{"embeddable":true,"href":"https:\/\/www.clos-celeste.com\/de\/wp-json\/wp\/v2\/users\/4"}],"replies":[{"embeddable":true,"href":"https:\/\/www.clos-celeste.com\/de\/wp-json\/wp\/v2\/comments?post=699"}],"version-history":[{"count":2,"href":"https:\/\/www.clos-celeste.com\/de\/wp-json\/wp\/v2\/pages\/699\/revisions"}],"predecessor-version":[{"id":707,"href":"https:\/\/www.clos-celeste.com\/de\/wp-json\/wp\/v2\/pages\/699\/revisions\/707"}],"wp:attachment":[{"href":"https:\/\/www.clos-celeste.com\/de\/wp-json\/wp\/v2\/media?parent=699"}],"curies":[{"name":"wp","href":"https:\/\/api.w.org\/{rel}","templated":true}]}}